{"id":128,"date":"2017-02-12T13:24:36","date_gmt":"2017-02-12T13:24:36","guid":{"rendered":"http:\/\/jensen.berlin\/?page_id=128"},"modified":"2021-11-26T11:56:51","modified_gmt":"2021-11-26T11:56:51","slug":"erfahrung","status":"publish","type":"page","link":"https:\/\/jensen.berlin\/?page_id=128","title":{"rendered":"ERFAHRUNG"},"content":{"rendered":"<p style=\"float: left; margin-bottom: 0px; font-family: Avantgarde, sans-serif; font-weight: bold; color: #000000;\">01\/2004 \u2013 01\/2012<\/p>\n<p style=\"positon: absolute; margin-left: 175px; margin-bottom: 0px; font-family: Avantgarde,sans-serif; font-weight: bold; color: #000000;\">Freiberuflicher IT-Consultant<\/p>\n<div class='dropdown_box '>\n\t<a href=\"#\" class=\"showmore\">\n\t\t<span class='view_modifier hide' data-show=\"\" data-hide=\"\"><\/span> Details\t<\/a>\n\t<div class=\"inner_text hide\">\n\t\t<p>\nIT-Support im Auftrag der Daimler AG \u2013 Werk Berlin<\/p>\n\t<\/div>\n<\/div>\n\n<p style=\"float: left; margin-bottom: 0px; margin-top: 10px; font-family: Avantgarde, sans-serif; font-weight: bold; color: #000000;\">02\/2012 \u2013 12\/2013<\/p>\n<p style=\"positon: absolute; margin-left: 175px; margin-bottom: 0px; margin-top: 10px; font-family: Avantgarde,sans-serif; font-weight: bold; color: #000000;\">IT-Projektleiter &#8211; CCVOSSEL GmbH<\/p>\n<div class='dropdown_box '>\n\t<a href=\"#\" class=\"showmore\">\n\t\t<span class='view_modifier hide' data-show=\"\" data-hide=\"\"><\/span> Details\t<\/a>\n\t<div class=\"inner_text hide\">\n\t\t<p>\nproduktionsnahe IT<\/p>\n\t<\/div>\n<\/div>\n\n<p style=\"float: left; margin-bottom: 0px; margin-top: 10px; font-family: Avantgarde, sans-serif; font-weight: bold; color: #000000;\">09\/2013<\/p>\n<p style=\"positon: absolute; margin-left: 175px; margin-bottom: 0px; margin-top: 10px; font-family: Avantgarde,sans-serif; font-weight: bold; color: #000000;\">T.I.S.P. Zertifizierung<\/p>\n<div class='dropdown_box '>\n\t<a href=\"#\" class=\"showmore\">\n\t\t<span class='view_modifier hide' data-show=\"\" data-hide=\"\"><\/span> Details\t<\/a>\n\t<div class=\"inner_text hide\">\n\t\t<p>\nTeleTrust Information Security Professional &#8211; http:\/\/www.teletrust.de\/de\/tisp<\/p>\n\t<\/div>\n<\/div>\n\n<p style=\"float: left; margin-bottom: 0px; margin-top: 10px; font-family: Avantgarde, sans-serif; font-weight: bold; color: #000000;\">01\/2014 \u2013 01\/2015<\/p>\n<p style=\"positon: absolute; margin-left: 175px; margin-bottom: 0px; margin-top: 10px; font-family: Avantgarde,sans-serif; font-weight: bold; color: #000000;\">Teamleiter\/Senior IT Berater &#8211; CCVOSSEL GmbH<\/p>\n<div class='dropdown_box '>\n\t<a href=\"#\" class=\"showmore\">\n\t\t<span class='view_modifier hide' data-show=\"\" data-hide=\"\"><\/span> Details\t<\/a>\n\t<div class=\"inner_text hide\">\n\t\t<p>\nproduktionsnahe IT &amp; Serverbetrieb<\/p>\n\t<\/div>\n<\/div>\n\n<p style=\"float: left; margin-bottom: 0px; margin-top: 10px; font-family: Avantgarde, sans-serif; font-weight: bold; color: #000000;\">02\/2014<\/p>\n<p style=\"positon: absolute; margin-left: 175px; margin-bottom: 0px; margin-top: 10px; font-family: Avantgarde,sans-serif; font-weight: bold; color: #000000;\">ITIL\u00ae Foundation Zertifizierung<\/p>\n<div class='dropdown_box '>\n\t<a href=\"#\" class=\"showmore\">\n\t\t<span class='view_modifier hide' data-show=\"\" data-hide=\"\"><\/span> Details\t<\/a>\n\t<div class=\"inner_text hide\">\n\t\t<p>\nITIL\u00ae Foundation Certificate in IT Service Management<\/p>\n\t<\/div>\n<\/div>\n\n<p style=\"float: left; margin-bottom: 0px; margin-top: 10px; font-family: Avantgarde, sans-serif; font-weight: bold; color: #000000;\">03\/2014<\/p>\n<p style=\"positon: absolute; margin-left: 175px; margin-bottom: 0px; margin-top: 10px; font-family: Avantgarde,sans-serif; font-weight: bold; color: #000000;\">IT-Sicherheitsbeauftragter<\/p>\n<div class='dropdown_box '>\n\t<a href=\"#\" class=\"showmore\">\n\t\t<span class='view_modifier hide' data-show=\"\" data-hide=\"\"><\/span> Details\t<\/a>\n\t<div class=\"inner_text hide\">\n\t\t<p>\nIT-Sicherheitsbeauftragter gem\u00e4\u00df IT-Grundschutz ISO27001 Deutsche Gesellschaft f\u00fcr Informatik<\/p>\n\t<\/div>\n<\/div>\n\n<p style=\"float: left; margin-bottom: 0px; margin-top: 10px; font-family: Avantgarde, sans-serif; font-weight: bold; color: #000000;\">02\/2015 \u2013 08\/2020<\/p>\n<p style=\"positon: absolute; margin-left: 175px; margin-bottom: 0px; margin-top: 10px; font-family: Avantgarde,sans-serif; font-weight: bold; color: #000000;\">IT Security Berater &#8211; Computacenter AG &amp; Co oHG<\/p>\n<div class='dropdown_box '>\n\t<a href=\"#\" class=\"showmore\">\n\t\t<span class='view_modifier hide' data-show=\"\" data-hide=\"\"><\/span> Details\t<\/a>\n\t<div class=\"inner_text hide\">\n\t\t<p>\nIndustrial Security<\/p>\n\t<\/div>\n<\/div>\n\n<p style=\"float: left; margin-bottom: 0px; margin-top: 10px; font-family: Avantgarde, sans-serif; font-weight: bold; color: #000000;\">09\/2020 \u2013 LFD<\/p>\n<p style=\"positon: absolute; margin-left: 175px; margin-bottom: 0px; margin-top: 10px; font-family: Avantgarde,sans-serif; font-weight: bold; color: #000000;\">Industrial Cyber Security Expert &#8211; Volkswagen AG<\/p>\n<div class='dropdown_box '>\n\t<a href=\"#\" class=\"showmore\">\n\t\t<span class='view_modifier hide' data-show=\"\" data-hide=\"\"><\/span> Details\t<\/a>\n\t<div class=\"inner_text hide\">\n\t\t<p>\nIndustrial Cyber Security Governance and Assessments<\/p>\n\t<\/div>\n<\/div>\n\n","protected":false},"excerpt":{"rendered":"<p>01\/2004 \u2013 01\/2012 Freiberuflicher IT-Consultant 02\/2012 \u2013 12\/2013 IT-Projektleiter &#8211; CCVOSSEL GmbH 09\/2013 T.I.S.P. Zertifizierung 01\/2014 \u2013 01\/2015 Teamleiter\/Senior IT Berater &#8211; CCVOSSEL GmbH 02\/2014 ITIL\u00ae Foundation Zertifizierung 03\/2014 IT-Sicherheitsbeauftragter 02\/2015 \u2013 08\/2020 IT Security Berater &#8211; Computacenter AG &amp; Co oHG 09\/2020 \u2013 LFD Industrial Cyber Security Expert &#8211; Volkswagen AG<\/p>\n","protected":false},"author":1,"featured_media":0,"parent":0,"menu_order":0,"comment_status":"open","ping_status":"open","template":"","meta":[],"_links":{"self":[{"href":"https:\/\/jensen.berlin\/index.php?rest_route=\/wp\/v2\/pages\/128"}],"collection":[{"href":"https:\/\/jensen.berlin\/index.php?rest_route=\/wp\/v2\/pages"}],"about":[{"href":"https:\/\/jensen.berlin\/index.php?rest_route=\/wp\/v2\/types\/page"}],"author":[{"embeddable":true,"href":"https:\/\/jensen.berlin\/index.php?rest_route=\/wp\/v2\/users\/1"}],"replies":[{"embeddable":true,"href":"https:\/\/jensen.berlin\/index.php?rest_route=%2Fwp%2Fv2%2Fcomments&post=128"}],"version-history":[{"count":49,"href":"https:\/\/jensen.berlin\/index.php?rest_route=\/wp\/v2\/pages\/128\/revisions"}],"predecessor-version":[{"id":386,"href":"https:\/\/jensen.berlin\/index.php?rest_route=\/wp\/v2\/pages\/128\/revisions\/386"}],"wp:attachment":[{"href":"https:\/\/jensen.berlin\/index.php?rest_route=%2Fwp%2Fv2%2Fmedia&parent=128"}],"curies":[{"name":"wp","href":"https:\/\/api.w.org\/{rel}","templated":true}]}}